{"id":81,"date":"2022-10-13T16:46:31","date_gmt":"2022-10-13T14:46:31","guid":{"rendered":"http:\/\/hd-advice.com\/index.php\/mesmerize\/"},"modified":"2023-01-25T15:13:55","modified_gmt":"2023-01-25T14:13:55","slug":"mesmerize","status":"publish","type":"page","link":"https:\/\/hd-advice.com\/","title":{"rendered":"Front Page"},"content":{"rendered":"<div  id=\"overlappable-4\" style=\"background-color: #ffffff;\" data-label=\"Overlappable\" data-id=\"overlappable-4\" data-export-id=\"overlappable-4\" data-category=\"overlappable\" class=\"overlappable-4 content-section content-section-spacing\" data-overlap=\"true\"><div  class=\"gridContainer\"> <div  data-type=\"row\" class=\"row spaced-cols text-center\"> <div  class=\"col-xs-12 col-sm-4 col-padding col-md-4 \"> <i  class=\"fa icon shadow-large-black aligncenter color1 fa-globe reverse round large\"><\/i> <div  data-type=\"column\" class=\"\"><h5  class=\"\">CADRAGE 360<\/h5> <p  class=\"\">La transition professionnelle n\u00e9cessite une pr\u00e9paration pour le candidat et pour l\u2019entreprise. Savoir ce qu\u2019on veut est le d\u00e9nominateur commun<\/p><\/div> <\/div> <div  class=\"col-xs-12 col-sm-4 col-padding col-md-4 \"> <i  class=\"fa icon shadow-large-black aligncenter color1 fa-drivers-license-o reverse round large\"><\/i> <div  data-type=\"column\" class=\"\"><h5  class=\"\">SOURCING<\/h5> <p  class=\"\">Soft et hard skills, attentes et projections sont autant de facteurs d\u2019une rencontre r\u00e9ussie \u00e0 prendre en compte<\/p><\/div> <\/div><div  class=\"col-xs-12 col-sm-4 col-padding col-md-4\"> <i  class=\"fa icon shadow-large-black aligncenter color1 fa-child reverse round large\"><\/i> <div  data-type=\"column\" class=\"\"><h5  class=\"\">SHORTLIST<\/h5> <p  class=\"\">Poss\u00e9der les indicateurs cl\u00e9s pour choisir et pour faire un long chemin professionnel ensemble <\/p><\/div> <\/div><\/div> <\/div><\/div><div  id=\"expertises\" style=\"background-color: #ffffff;\" data-label=\"Expertises\" data-id=\"features-12-card-bordered\" data-export-id=\"features-12-card-bordered\" data-category=\"features\" class=\"features-12-card-bordered content-section content-section-spacing \"><div  class=\"gridContainer\"> <div  class=\"row text-center\"><div  class=\"section-title-col\" data-type=\"column\"> <h2  class=\"\">HD Advice : votre r\u00e9ussite est notre objectif<\/h2> <p  class=\"lead\">Accompagnement 360\u00b0<\/p><\/div> <\/div> <div  class=\"row spaced-cols\" data-type=\"row\"> <div  class=\"col-sm-6\"> <div  class=\"card row-card bordered y-move\"> <div  class=\"row\"> <div  class=\"col-sm-fit icon-column\"> <i  class=\"fa icon fa-connectdevelop round bordered color2\"><\/i> <\/div> <div  class=\"col-sm\" data-type=\"column\"> <h5  class=\"color2\">LA GESTION DE CARRIERE<\/h5> <p  class=\"\">Accompagner vos \u00e9quipes de ressources humaines dans la r\u00e9flexion sur les valeurs internes de votre entreprise. Donner une vision claire des \u00e9volutions professionnelles<\/p><\/div> <\/div><\/div> <\/div> <div  class=\"col-sm-6\"> <div  class=\"card row-card bordered y-move\"> <div  class=\"row\"> <div  class=\"col-sm-fit icon-column\"> <i  class=\"fa icon fa-codepen round bordered color2\"><\/i> <\/div> <div  class=\"col-sm\" data-type=\"column\"> <h5  class=\"color2\">RECRUTEMENT DE TALENTS<\/h5> <p  class=\"\">Partir d\u2019un cahier des charges transparent pour lancer toutes les actions cibl\u00e9es pour attirer les meilleurs talents tenant compte de votre environnement, sp\u00e9cificit\u00e9s <\/p><\/div> <\/div><\/div> <\/div> <div  class=\"col-sm-6\"> <div  class=\"card row-card bordered y-move\"> <div  class=\"row\"> <div  class=\"col-sm-fit icon-column\"> <i  class=\"fa icon fa-cube round bordered color2\"><\/i> <\/div> <div  class=\"col-sm\" data-type=\"column\"> <h5  class=\"color2\">MOBILITE INTERNE &amp; COACHING<\/h5> <p  class=\"\">Prendre en charge puis accompagner en accord avec l\u2019entreprise ses meilleurs talents. Bilan de comp\u00e9tences, tests d\u2019aptitudes pour proposer le meilleur parcours interne<\/p><\/div> <\/div><\/div> <\/div> <div  class=\"col-sm-6\"> <div  class=\"card row-card bordered y-move\"> <div  class=\"row\"> <div  class=\"col-sm-fit icon-column\"> <i  class=\"fa icon fa-database round bordered color2\"><\/i> <\/div> <div  class=\"col-sm\" data-type=\"column\"> <h5  class=\"color2\">LA CONDUITE DU CHANGEMENT<\/h5> <p  class=\"\">Changements en vue ? C\u2019est le lot de toutes les entreprises. Nos \u00e9quipes, apr\u00e8s une premi\u00e8re phase d\u2019audit RH et social vous pr\u00e9conisent une roadmap d\u00e9taill\u00e9e \u00e0 mettre en place<\/p><\/div> <\/div><\/div> <\/div><\/div> <\/div><\/div><div  id=\"qui-sommes-nous\" style=\"background-color: #f5fafd;\" data-label=\"Qui sommes nous\" data-id=\"content-2\" data-export-id=\"content-2\" data-category=\"content\" class=\"content-2 content-section content-section-spacing\"><div > <div  class=\"row middle-xs\"><div  class=\"col-sm-5 bg-image shadow-large-black\" data-bg=\"image\" style=\"background-image: url(&quot;https:\/\/hd-advice.com\/wp-content\/uploads\/2022\/10\/HD-Advice-mer.jpg&quot;);\"><\/div> <div  class=\"col-sm-7 full-col-left-padding full-col-right-padding\"> <div  class=\"row\"> <div  data-type=\"column\" class=\"space-bottom-small content-title-col\"> <h5  class=\"\">QUI SOMMES-NOUS ?<\/h5> <h2  class=\"\">Partenaire du&nbsp;d\u00e9veloppement de votre capital humain<\/h2> <p  class=\"\">Le cabinet propose des solutions \u00e0 la carte autour de l\u2019accompagnement des \u00e9volutions et des transitions professionnelles au service des entreprises et des salari\u00e9s.<\/p><\/div> <\/div> <div  class=\"row spaced-cols \" data-type=\"row\"> <div  class=\"col-xs-6\" data-type=\"column\"> <h5  class=\"\">EXPERTISE HUMAINE<\/h5> <p  class=\"\">Parce que les enjeux humains, manag\u00e9riaux et organisationnels sont li\u00e9s, notre approche est globale m\u00eame lors des missions ponctuelles de conseil, chasse, formation directe ou encore coaching<\/p><\/div> <div  class=\"col-xs-6\" data-type=\"column\"><h5  class=\"\">EQUIPE EN RESEAU<\/h5> <p  class=\"\">S\u00e9lectionn\u00e9es pour leurs comp\u00e9tences pluridisciplinaires et connaissance du terrain, nos \u00e9quipes cultivent les m\u00eames objectifs : vous offrir une vraie valeur ajout\u00e9e<\/p><\/div> <div  class=\"col-xs-6\" data-type=\"column\"><h5  class=\"\">METHODES<\/h5> <p  class=\"\">Fruit de plus de 15 ans d\u2019exp\u00e9rience, nos m\u00e9thodes et outils nous permettent de vous proposer des solutions avant tout pragmatiques et efficaces<\/p><\/div> <div  class=\"col-xs-6\" data-type=\"column\"><h5  class=\"\">GO\u00dbT DU RESULTAT<\/h5> <p  class=\"\">Tous nos contrats de placement sont r\u00e9mun\u00e9r\u00e9s uniquement au r\u00e9sultat. Ceci vous permet de s\u2019engager en toute transparence<\/p><\/div> <\/div><\/div> <\/div><\/div> <\/div><div  id=\"partenaires\" style=\"background-color: #ffffff;\" data-label=\"Partenaires\" data-id=\"content-3\" data-export-id=\"content-3\" data-category=\"content\" class=\"content-3 content-section content-section-spacing\"><div > <div  class=\"row middle-xs\"><div  class=\"col-sm-7 full-col-left-padding full-col-right-padding\"> <div  class=\"row\"><div  data-type=\"column\" class=\"space-bottom-small content-title-col\"> <h5  class=\"\">PARTENAIRES<\/h5> <h2  class=\"\">Le travail en r\u00e9seau France &amp; International<\/h2> <p  class=\"\">Que ce soit pour un seul pays ou pour de multiples implantations \u00e0 travers le monde, notre accompagnement r\u00e9pondra \u00e0 touts vous besoins et ceux de vos salari\u00e9s<\/p><\/div> <\/div> <div  class=\"row spaced-cols\" data-type=\"row\"> <div  class=\"col-xs-6\" data-type=\"column\"> <h5  class=\"\">PROXIMITE<\/h5> <p  class=\"\">Le travail a distance, utile et efficace connait ses limites. Nos \u00e9quipes sont pr\u00eates \u00e0 vous rencontrer dans votre contexte sur vos sites<\/p><\/div> <div  class=\"col-xs-6\" data-type=\"column\"><h5  class=\"\">CONNEXION<\/h5> <p  class=\"\">Puisque les projets sont de plus en plus complexes, notre accompagnement int\u00e8gre les solutions de communication digitale permettant \u00e0 tous les interlocuteurs de suivre le projet<\/p><\/div> <div  class=\"col-xs-6\" data-type=\"column\"><h5  class=\"\">ESPRIT D\u2019EQUIPE<\/h5> <p  class=\"\">Agiles, nos \u00e9quipes vous proposent la meilleure des configurations pour d\u00e9marrer le projet dans les meilleures conditions<\/p><\/div> <div  class=\"col-xs-6\" data-type=\"column\"><h5  class=\"\">SOUPLESSE<\/h5> <p  class=\"\">Temps forts, calme plat ? Le staffing ainsi que la facturation s\u2019adaptent aux situations concr\u00e8tes<\/p><\/div> <\/div><\/div> <div  class=\"col-sm-5 bg-image shadow-large-black revert-classes-holder\" data-bg=\"image\" style=\"background-image: url(&quot;https:\/\/hd-advice.com\/wp-content\/uploads\/2022\/10\/HD-Advice-mer-bateaux.jpg&quot;);\"><\/div><\/div> <\/div><\/div><div  data-label=\"Cta\" data-id=\"cta--1\" data-export-id=\"cta-blue-section\" data-category=\"cta\" class=\"cta-blue-section content-section content-section-spacing-medium bg-color1 white-text\" id=\"cta-1\"><div  class=\"gridContainer\"> <div  class=\"row middle-xs\"><div  class=\"col-sm-8 space-bottom-xs\" data-type=\"column\"> <h2  class=\"\">Rejoignez-nous ! Prenez le temps de nous contacter<\/h2> <\/div> <div  class=\"col-sm-4 end-sm\" data-type=\"column\"> <a class=\"button color2\" href=\"#\" target=\"_self\" data-cp-link=\"1\" data-icon=\"\" rel=\"noopener\">J\u2019y vais<\/a><\/div> <\/div><\/div> <\/div><div  id=\"contact\" data-label=\"Contact\" data-id=\"contact-1\" data-export-id=\"contact-1\" data-category=\"contact\" class=\"contact-1 content-section content-section-spacing white-text\" data-parallax-depth=\"20\" style=\"background-size: cover; background-position: center top; background-image: url(&quot;https:\/\/hd-advice.com\/wp-content\/uploads\/2022\/10\/Footer-HD-Advice.jpg&quot;);\"><div  class=\"gridContainer\"> <div  class=\"row text-center\"><div  class=\"section-title-col\" data-type=\"column\"> <h2  class=\"\">Contactez-nous<\/h2> <p  class=\"lead\">Nos d\u00e9lais de traitement sont tr\u00e8s r\u00e9actifs, d\u00e9crivez votre besoin le plus pr\u00e9cisemment possible pour que notre r\u00e9ponse soit cibl\u00e9e.<\/p><\/div> <\/div> <div  class=\"row text-center\"> <div  class=\"col-xs-12 col-sm-8 col-sm-offset-2 contact-form-wrapper inline-info\"> <div  class=\"card large-padding\"> <div  class=\"\" data-content-shortcode=\"mesmerize_contact_form shortcode=&quot;wpforms id=&amp;amp;quot;130&amp;amp;quot;&quot;\" data-editable=\"true\"><div class=\"wpforms-container wpforms-container-full\" id=\"wpforms-130\"><form id=\"wpforms-form-130\" class=\"wpforms-validate wpforms-form wpforms-ajax-form\" data-formid=\"130\" method=\"post\" enctype=\"multipart\/form-data\" action=\"\/index.php\/wp-json\/wp\/v2\/pages\/81\" data-token=\"af36e7149417030a5211f3b4b5842aed\"><noscript class=\"wpforms-error-noscript\">Veuillez activer JavaScript dans votre navigateur pour remplir ce formulaire.<\/noscript><div class=\"wpforms-field-container\"><div id=\"wpforms-130-field_0-container\" class=\"wpforms-field wpforms-field-name\" data-field-id=\"0\"><label class=\"wpforms-field-label\" for=\"wpforms-130-field_0\">Nom Pr\u00e9nom <span class=\"wpforms-required-label\">*<\/span><\/label><div class=\"wpforms-field-row wpforms-field-medium\"><div class=\"wpforms-field-row-block wpforms-first wpforms-one-half\"><input type=\"text\" id=\"wpforms-130-field_0\" class=\"wpforms-field-name-first wpforms-field-required\" name=\"wpforms[fields][0][first]\" required><label for=\"wpforms-130-field_0\" class=\"wpforms-field-sublabel after \">Pr\u00e9nom<\/label><\/div><div class=\"wpforms-field-row-block wpforms-one-half\"><input type=\"text\" id=\"wpforms-130-field_0-last\" class=\"wpforms-field-name-last wpforms-field-required\" name=\"wpforms[fields][0][last]\" required><label for=\"wpforms-130-field_0-last\" class=\"wpforms-field-sublabel after \">Nom<\/label><\/div><\/div><\/div><div id=\"wpforms-130-field_5-container\" class=\"wpforms-field wpforms-field-text\" data-field-id=\"5\"><label class=\"wpforms-field-label\" for=\"wpforms-130-field_5\">Votre entreprise<\/label><input type=\"text\" id=\"wpforms-130-field_5\" class=\"wpforms-field-medium\" name=\"wpforms[fields][5]\" ><\/div><div id=\"wpforms-130-field_6-container\" class=\"wpforms-field wpforms-field-text\" data-field-id=\"6\"><label class=\"wpforms-field-label\" for=\"wpforms-130-field_6\">T\u00e9l\u00e9phone <span class=\"wpforms-required-label\">*<\/span><\/label><input type=\"text\" id=\"wpforms-130-field_6\" class=\"wpforms-field-medium wpforms-field-required\" name=\"wpforms[fields][6]\" required><\/div><div id=\"wpforms-130-field_3-container\" class=\"wpforms-field wpforms-field-email\" data-field-id=\"3\"><label class=\"wpforms-field-label\" for=\"wpforms-130-field_3\">E-mail <span class=\"wpforms-required-label\">*<\/span><\/label><input type=\"email\" id=\"wpforms-130-field_3\" class=\"wpforms-field-medium wpforms-field-required\" name=\"wpforms[fields][3]\" required><\/div><div id=\"wpforms-130-field_2-container\" class=\"wpforms-field wpforms-field-textarea\" data-field-id=\"2\"><label class=\"wpforms-field-label\" for=\"wpforms-130-field_2\">Votre message <span class=\"wpforms-required-label\">*<\/span><\/label><textarea id=\"wpforms-130-field_2\" class=\"wpforms-field-medium wpforms-field-required\" name=\"wpforms[fields][2]\" required><\/textarea><\/div><\/div><div class=\"wpforms-submit-container\"><input type=\"hidden\" name=\"wpforms[id]\" value=\"130\"><input type=\"hidden\" name=\"wpforms[author]\" value=\"1\"><button type=\"submit\" name=\"wpforms[submit]\" id=\"wpforms-submit-130\" class=\"wpforms-submit\" data-alt-text=\"Envoi...\" data-submit-text=\"Envoyer\" aria-live=\"assertive\" value=\"wpforms-submit\">Envoyer<\/button><img loading=\"lazy\" decoding=\"async\" src=\"https:\/\/hd-advice.com\/wp-content\/plugins\/wpforms-lite\/assets\/images\/submit-spin.svg\" class=\"wpforms-submit-spinner\" style=\"display: none;\" width=\"26\" height=\"26\" alt=\"Chargement en cours\"><\/div><\/form><\/div>  <!-- .wpforms-container --><\/div><\/div> <\/div><\/div> <\/div><\/div>","protected":false},"excerpt":{"rendered":"<p>CADRAGE 360 La transition professionnelle n\u00e9cessite une pr\u00e9paration pour le candidat et pour l\u2019entreprise. Savoir ce qu\u2019on veut est le d\u00e9nominateur commun SOURCING Soft et hard skills, attentes et projections sont autant de facteurs d\u2019une rencontre r\u00e9ussie \u00e0 prendre en compte SHORTLIST Poss\u00e9der les indicateurs cl\u00e9s pour choisir et pour faire un long chemin professionnel&hellip; <br \/> <a class=\"read-more\" href=\"https:\/\/hd-advice.com\/\">Lire la suite<\/a><\/p>\n","protected":false},"author":1,"featured_media":0,"parent":0,"menu_order":0,"comment_status":"closed","ping_status":"closed","template":"page-templates\/homepage.php","meta":{"footnotes":""},"class_list":["post-81","page","type-page","status-publish","hentry"],"_links":{"self":[{"href":"https:\/\/hd-advice.com\/index.php\/wp-json\/wp\/v2\/pages\/81","targetHints":{"allow":["GET"]}}],"collection":[{"href":"https:\/\/hd-advice.com\/index.php\/wp-json\/wp\/v2\/pages"}],"about":[{"href":"https:\/\/hd-advice.com\/index.php\/wp-json\/wp\/v2\/types\/page"}],"author":[{"embeddable":true,"href":"https:\/\/hd-advice.com\/index.php\/wp-json\/wp\/v2\/users\/1"}],"replies":[{"embeddable":true,"href":"https:\/\/hd-advice.com\/index.php\/wp-json\/wp\/v2\/comments?post=81"}],"version-history":[{"count":18,"href":"https:\/\/hd-advice.com\/index.php\/wp-json\/wp\/v2\/pages\/81\/revisions"}],"predecessor-version":[{"id":143,"href":"https:\/\/hd-advice.com\/index.php\/wp-json\/wp\/v2\/pages\/81\/revisions\/143"}],"wp:attachment":[{"href":"https:\/\/hd-advice.com\/index.php\/wp-json\/wp\/v2\/media?parent=81"}],"curies":[{"name":"wp","href":"https:\/\/api.w.org\/{rel}","templated":true}]}}